{"id":10319,"date":"2025-11-07T18:24:16","date_gmt":"2025-11-07T17:24:16","guid":{"rendered":"https:\/\/goyeda.de\/?page_id=10319"},"modified":"2025-11-09T03:36:21","modified_gmt":"2025-11-09T02:36:21","slug":"confidence-starts-from-within","status":"publish","type":"page","link":"https:\/\/goyeda.de\/de\/confidence-starts-from-within\/","title":{"rendered":"Yeda Awareness Campaign \u2013 Waitlist Landing"},"content":{"rendered":"<div data-elementor-type=\"wp-page\" data-elementor-id=\"10319\" class=\"elementor elementor-10319\">\n\t\t\t\t<div class=\"elementor-element elementor-element-2c7d253 e-flex e-con-boxed e-con e-parent\" data-id=\"2c7d253\" data-element_type=\"container\" data-e-type=\"container\">\n\t\t\t\t\t<div class=\"e-con-inner\">\n\t\t<div class=\"elementor-element elementor-element-75cee8d e-con-full e-flex e-con e-child\" data-id=\"75cee8d\" data-element_type=\"container\" data-e-type=\"container\">\n\t\t\t\t<div class=\"elementor-element elementor-element-fade455 elementor-widget elementor-widget-heading\" data-id=\"fade455\" data-element_type=\"widget\" data-e-type=\"widget\" data-widget_type=\"heading.default\">\n\t\t\t\t<div class=\"elementor-widget-container\">\n\t\t\t\t\t<h1 class=\"elementor-heading-title elementor-size-default\">DAS SELBSTBEWUSSTSEIN BEGINNT IN DIR<\/h1>\t\t\t\t<\/div>\n\t\t\t\t<\/div>\n\t\t\t\t<\/div>\n\t\t\t\t\t<\/div>\n\t\t\t\t<\/div>\n\t\t<div class=\"elementor-element elementor-element-3827cf7 e-flex e-con-boxed e-con e-parent\" data-id=\"3827cf7\" data-element_type=\"container\" data-e-type=\"container\">\n\t\t\t\t\t<div class=\"e-con-inner\">\n\t\t<div class=\"elementor-element elementor-element-41d2ed6 e-con-full e-flex e-con e-child\" data-id=\"41d2ed6\" data-element_type=\"container\" data-e-type=\"container\">\n\t\t\t\t<\/div>\n\t\t\t\t\t<\/div>\n\t\t\t\t<\/div>\n\t\t<div class=\"elementor-element elementor-element-8d5053e e-flex e-con-boxed e-con e-parent\" data-id=\"8d5053e\" data-element_type=\"container\" data-e-type=\"container\" data-settings=\"{&quot;background_background&quot;:&quot;slideshow&quot;,&quot;background_slideshow_gallery&quot;:[{&quot;id&quot;:10342,&quot;url&quot;:&quot;https:\\\/\\\/goyeda.de\\\/wp-content\\\/uploads\\\/Athletic-Wellbeing-2-1.webp&quot;}],&quot;background_slideshow_loop&quot;:&quot;yes&quot;,&quot;background_slideshow_slide_duration&quot;:5000,&quot;background_slideshow_slide_transition&quot;:&quot;fade&quot;,&quot;background_slideshow_transition_duration&quot;:500}\">\n\t\t\t\t\t<div class=\"e-con-inner\">\n\t\t<div class=\"elementor-element elementor-element-86811e2 e-con-full e-flex elementor-invisible e-con e-child\" data-id=\"86811e2\" data-element_type=\"container\" data-e-type=\"container\" data-settings=\"{&quot;animation&quot;:&quot;fadeInUp&quot;,&quot;animation_mobile&quot;:&quot;fadeInLeft&quot;}\">\n\t\t<div class=\"elementor-element elementor-element-7738ce9 e-con-full e-flex e-con e-child\" data-id=\"7738ce9\" data-element_type=\"container\" data-e-type=\"container\" data-settings=\"{&quot;background_background&quot;:&quot;gradient&quot;}\">\n\t\t\t\t<div class=\"elementor-element elementor-element-87a4428 elementor-widget elementor-widget-text-editor\" data-id=\"87a4428\" data-element_type=\"widget\" data-e-type=\"widget\" data-settings=\"{&quot;_animation&quot;:&quot;none&quot;}\" data-widget_type=\"text-editor.default\">\n\t\t\t\t<div class=\"elementor-widget-container\">\n\t\t\t\t\t\t\t\t\t<h6 style=\"text-align: center;\">Entdecke Yeda \u2013 den ersten BH f\u00fcr deinen Beckenboden, entwickelt, um dir Halt, Selbstvertrauen und Freiheit zu schenken.<\/h6>\t\t\t\t\t\t\t\t<\/div>\n\t\t\t\t<\/div>\n\t\t\t\t<div class=\"elementor-element elementor-element-f492038 elementor-align-center elementor-widget__width-initial elementor-mobile-align-center elementor-widget elementor-widget-button\" data-id=\"f492038\" data-element_type=\"widget\" data-e-type=\"widget\" data-settings=\"{&quot;_animation&quot;:&quot;none&quot;,&quot;_animation_mobile&quot;:&quot;none&quot;}\" data-widget_type=\"button.default\">\n\t\t\t\t<div class=\"elementor-widget-container\">\n\t\t\t\t\t\t\t\t\t<div class=\"elementor-button-wrapper\">\n\t\t\t\t\t<a class=\"elementor-button elementor-button-link elementor-size-md\" href=\"https:\/\/goyeda.us10.list-manage.com\/subscribe?u=074d6ba03bd2ace4b4edb543c&#038;id=c2dde0f5e1&#038;utm_source=website&#038;utm_medium=CTA&#038;utm_campaign=waitlist\" target=\"_blank\" id=\"Join the wait list\" rel=\"noopener\">\n\t\t\t\t\t\t<span class=\"elementor-button-content-wrapper\">\n\t\t\t\t\t\t\t\t\t<span class=\"elementor-button-text\">Trage dich in die Warteliste ein<\/span>\n\t\t\t\t\t<\/span>\n\t\t\t\t\t<\/a>\n\t\t\t\t<\/div>\n\t\t\t\t\t\t\t\t<\/div>\n\t\t\t\t<\/div>\n\t\t\t\t<\/div>\n\t\t\t\t<\/div>\n\t\t\t\t\t<\/div>\n\t\t\t\t<\/div>\n\t\t<div class=\"elementor-element elementor-element-922f294 e-flex e-con-boxed e-con e-parent\" data-id=\"922f294\" data-element_type=\"container\" data-e-type=\"container\">\n\t\t\t\t\t<div class=\"e-con-inner\">\n\t\t<div class=\"elementor-element elementor-element-4b9767a e-con-full e-flex e-con e-child\" data-id=\"4b9767a\" data-element_type=\"container\" data-e-type=\"container\">\n\t\t\t\t<\/div>\n\t\t\t\t\t<\/div>\n\t\t\t\t<\/div>\n\t\t<div class=\"elementor-element elementor-element-9c8dd82 e-flex e-con-boxed e-con e-parent\" data-id=\"9c8dd82\" data-element_type=\"container\" data-e-type=\"container\">\n\t\t\t\t\t<div class=\"e-con-inner\">\n\t\t\t\t<div class=\"elementor-element elementor-element-a5be6e8 elementor-widget elementor-widget-heading\" data-id=\"a5be6e8\" data-element_type=\"widget\" data-e-type=\"widget\" data-widget_type=\"heading.default\">\n\t\t\t\t<div class=\"elementor-widget-container\">\n\t\t\t\t\t<h1 class=\"elementor-heading-title elementor-size-default\">EINE NEUE ART VON SELBSTBEWUSSTSEIN<\/h1>\t\t\t\t<\/div>\n\t\t\t\t<\/div>\n\t\t\t\t\t<\/div>\n\t\t\t\t<\/div>\n\t\t<div class=\"elementor-element elementor-element-4ee7634 e-flex e-con-boxed e-con e-parent\" data-id=\"4ee7634\" data-element_type=\"container\" data-e-type=\"container\">\n\t\t\t\t\t<div class=\"e-con-inner\">\n\t\t\t\t\t<\/div>\n\t\t\t\t<\/div>\n\t\t<div class=\"elementor-element elementor-element-1d615e9 e-flex e-con-boxed e-con e-parent\" data-id=\"1d615e9\" data-element_type=\"container\" data-e-type=\"container\">\n\t\t\t\t\t<div class=\"e-con-inner\">\n\t\t<div class=\"elementor-element elementor-element-f29ec34 e-con-full e-flex elementor-invisible e-con e-child\" data-id=\"f29ec34\" data-element_type=\"container\" data-e-type=\"container\" data-settings=\"{&quot;animation&quot;:&quot;fadeInLeft&quot;}\">\n\t\t\t\t<div class=\"elementor-element elementor-element-a0bf043 elementor-widget elementor-widget-text-editor\" data-id=\"a0bf043\" data-element_type=\"widget\" data-e-type=\"widget\" data-widget_type=\"text-editor.default\">\n\t\t\t\t<div class=\"elementor-widget-container\">\n\t\t\t\t\t\t\t\t\t<p dir=\"ltr\" style=\"text-align: center;\">Bei Yeda glauben wir, dass jede Frau das Recht hat, sich stark, feminin und im Einklang mit ihrem K\u00f6rper zu f\u00fchlen \u2013 ganz egal, in welcher Lebensphase sie sich befindet.\nOb nach der Geburt oder w\u00e4hrend der Wechseljahre \u2013 ein geschw\u00e4chter Beckenboden kann Ver\u00e4nderungen wie kleine Lecks, Unbehagen oder einen Verlust an Selbstvertrauen mit sich bringen.<\/p><p dir=\"ltr\" style=\"text-align: center;\">Deshalb haben wir Yeda entwickelt deinen ersten BH f\u00fcr den Beckenboden. Mit viel Sorgfalt entworfen, um dir zu helfen, wieder eine Verbindung zu deinem K\u00f6rper aufzubauen und dich selbst neu zu sp\u00fcren.<\/p>\t\t\t\t\t\t\t\t<\/div>\n\t\t\t\t<\/div>\n\t\t\t\t<\/div>\n\t\t<div class=\"elementor-element elementor-element-7e82032 e-con-full e-flex elementor-invisible e-con e-child\" data-id=\"7e82032\" data-element_type=\"container\" data-e-type=\"container\" data-settings=\"{&quot;animation&quot;:&quot;fadeInRight&quot;}\">\n\t\t\t\t<div class=\"elementor-element elementor-element-69e0880 elementor-widget elementor-widget-image\" data-id=\"69e0880\" data-element_type=\"widget\" data-e-type=\"widget\" data-widget_type=\"image.default\">\n\t\t\t\t<div class=\"elementor-widget-container\">\n\t\t\t\t\t\t\t\t\t\t\t\t\t\t\t<img fetchpriority=\"high\" decoding=\"async\" width=\"1024\" height=\"768\" src=\"https:\/\/goyeda.de\/wp-content\/uploads\/Releasing-the-Air-1.gif\" class=\"attachment-large size-large wp-image-10431\" alt=\"GIF showing how to use the Yeda pelvic floor support device \u2014 demonstrating easy insertion, comfortable fit, and discreet daily use.\" \/>\t\t\t\t\t\t\t\t\t\t\t\t\t\t\t<\/div>\n\t\t\t\t<\/div>\n\t\t\t\t<\/div>\n\t\t\t\t\t<\/div>\n\t\t\t\t<\/div>\n\t\t<div class=\"elementor-element elementor-element-ee15420 e-flex e-con-boxed e-con e-parent\" data-id=\"ee15420\" data-element_type=\"container\" data-e-type=\"container\">\n\t\t\t\t\t<div class=\"e-con-inner\">\n\t\t<div class=\"elementor-element elementor-element-39d9155 e-con-full e-flex e-con e-child\" data-id=\"39d9155\" data-element_type=\"container\" data-e-type=\"container\">\n\t\t\t\t<\/div>\n\t\t\t\t\t<\/div>\n\t\t\t\t<\/div>\n\t\t<div class=\"elementor-element elementor-element-a9345b6 e-flex e-con-boxed e-con e-parent\" data-id=\"a9345b6\" data-element_type=\"container\" data-e-type=\"container\">\n\t\t\t\t\t<div class=\"e-con-inner\">\n\t\t\t\t<div class=\"elementor-element elementor-element-f824c83 elementor-widget elementor-widget-heading\" data-id=\"f824c83\" data-element_type=\"widget\" data-e-type=\"widget\" data-widget_type=\"heading.default\">\n\t\t\t\t<div class=\"elementor-widget-container\">\n\t\t\t\t\t<h1 class=\"elementor-heading-title elementor-size-default\">KLEINE INNOVATION. GROSSE WIRKUNG.<\/h1>\t\t\t\t<\/div>\n\t\t\t\t<\/div>\n\t\t\t\t\t<\/div>\n\t\t\t\t<\/div>\n\t\t<div class=\"elementor-element elementor-element-62bed07 e-flex e-con-boxed e-con e-parent\" data-id=\"62bed07\" data-element_type=\"container\" data-e-type=\"container\">\n\t\t\t\t\t<div class=\"e-con-inner\">\n\t\t\t\t\t<\/div>\n\t\t\t\t<\/div>\n\t\t<div class=\"elementor-element elementor-element-e0aff11 e-flex e-con-boxed e-con e-parent\" data-id=\"e0aff11\" data-element_type=\"container\" data-e-type=\"container\">\n\t\t\t\t\t<div class=\"e-con-inner\">\n\t\t<div class=\"elementor-element elementor-element-84f6385 e-con-full e-flex elementor-invisible e-con e-child\" data-id=\"84f6385\" data-element_type=\"container\" data-e-type=\"container\" data-settings=\"{&quot;animation&quot;:&quot;fadeInLeft&quot;}\">\n\t\t\t\t<div class=\"elementor-element elementor-element-ac5ba97 elementor-widget elementor-widget-image\" data-id=\"ac5ba97\" data-element_type=\"widget\" data-e-type=\"widget\" data-widget_type=\"image.default\">\n\t\t\t\t<div class=\"elementor-widget-container\">\n\t\t\t\t\t\t\t\t\t\t\t\t\t\t\t<img decoding=\"async\" width=\"1024\" height=\"576\" data-src=\"https:\/\/goyeda.de\/wp-content\/uploads\/Athletic-Wellbeing-1-1-1024x576.webp\" class=\"attachment-large size-large wp-image-10321 lazyload\" alt=\"Pelvic floor support, Yeda Device, long-term training.\" data-srcset=\"https:\/\/goyeda.de\/wp-content\/uploads\/Athletic-Wellbeing-1-1-1024x576.webp 1024w, https:\/\/goyeda.de\/wp-content\/uploads\/Athletic-Wellbeing-1-1-300x169.webp 300w, https:\/\/goyeda.de\/wp-content\/uploads\/Athletic-Wellbeing-1-1-768x432.webp 768w, https:\/\/goyeda.de\/wp-content\/uploads\/Athletic-Wellbeing-1-1-1536x864.webp 1536w, https:\/\/goyeda.de\/wp-content\/uploads\/Athletic-Wellbeing-1-1-18x10.webp 18w, https:\/\/goyeda.de\/wp-content\/uploads\/Athletic-Wellbeing-1-1.webp 1920w\" data-sizes=\"(max-width: 1024px) 100vw, 1024px\" src=\"data:image\/gif;base64,R0lGODlhAQABAAAAACH5BAEKAAEALAAAAAABAAEAAAICTAEAOw==\" style=\"--smush-placeholder-width: 1024px; --smush-placeholder-aspect-ratio: 1024\/576;\" \/>\t\t\t\t\t\t\t\t\t\t\t\t\t\t\t<\/div>\n\t\t\t\t<\/div>\n\t\t\t\t<\/div>\n\t\t<div class=\"elementor-element elementor-element-43ac604 e-con-full e-flex elementor-invisible e-con e-child\" data-id=\"43ac604\" data-element_type=\"container\" data-e-type=\"container\" data-settings=\"{&quot;animation&quot;:&quot;fadeInRight&quot;}\">\n\t\t\t\t<div class=\"elementor-element elementor-element-dcdea84 elementor-widget elementor-widget-text-editor\" data-id=\"dcdea84\" data-element_type=\"widget\" data-e-type=\"widget\" data-widget_type=\"text-editor.default\">\n\t\t\t\t<div class=\"elementor-widget-container\">\n\t\t\t\t\t\t\t\t\t<p dir=\"ltr\"><strong>\u2713 Sofortige Unterst\u00fctzung<\/strong><\/p><p dir=\"ltr\"><strong>\u2713 Passt sich deiner K\u00f6rpergr\u00f6\u00dfe an<\/strong><\/p><p dir=\"ltr\"><strong>\u2713 Einfach einzuf\u00fchren, zu entfernen und zu reinigen<\/strong><\/p>\t\t\t\t\t\t\t\t<\/div>\n\t\t\t\t<\/div>\n\t\t\t\t<\/div>\n\t\t\t\t\t<\/div>\n\t\t\t\t<\/div>\n\t\t<div class=\"elementor-element elementor-element-30ba8f5 e-flex e-con-boxed e-con e-parent\" data-id=\"30ba8f5\" data-element_type=\"container\" data-e-type=\"container\">\n\t\t\t\t\t<div class=\"e-con-inner\">\n\t\t<div class=\"elementor-element elementor-element-c76768a e-con-full e-flex e-con e-child\" data-id=\"c76768a\" data-element_type=\"container\" data-e-type=\"container\">\n\t\t\t\t<div class=\"elementor-element elementor-element-f3b2ce9 elementor-widget elementor-widget-text-editor\" data-id=\"f3b2ce9\" data-element_type=\"widget\" data-e-type=\"widget\" data-widget_type=\"text-editor.default\">\n\t\t\t\t<div class=\"elementor-widget-container\">\n\t\t\t\t\t\t\t\t\t<h6 dir=\"ltr\" style=\"text-align: center;\">Du verdienst Komfort, Freiheit und das Selbstvertrauen, dein Leben nach deinen eigenen Regeln zu leben.<\/h6>\t\t\t\t\t\t\t\t<\/div>\n\t\t\t\t<\/div>\n\t\t\t\t<\/div>\n\t\t\t\t\t<\/div>\n\t\t\t\t<\/div>\n\t\t<div class=\"elementor-element elementor-element-149ee41 e-flex e-con-boxed e-con e-parent\" data-id=\"149ee41\" data-element_type=\"container\" data-e-type=\"container\">\n\t\t\t\t\t<div class=\"e-con-inner\">\n\t\t<div class=\"elementor-element elementor-element-e2718ce e-con-full e-flex e-con e-child\" data-id=\"e2718ce\" data-element_type=\"container\" data-e-type=\"container\">\n\t\t\t\t<\/div>\n\t\t\t\t\t<\/div>\n\t\t\t\t<\/div>\n\t\t<div class=\"elementor-element elementor-element-6172c06 e-flex e-con-boxed e-con e-parent\" data-id=\"6172c06\" data-element_type=\"container\" data-e-type=\"container\">\n\t\t\t\t\t<div class=\"e-con-inner\">\n\t\t\t\t<div class=\"elementor-element elementor-element-606a05b elementor-widget elementor-widget-heading\" data-id=\"606a05b\" data-element_type=\"widget\" data-e-type=\"widget\" data-widget_type=\"heading.default\">\n\t\t\t\t<div class=\"elementor-widget-container\">\n\t\t\t\t\t<h1 class=\"elementor-heading-title elementor-size-default\">SEI EINE DER ERSTEN, DIE YEDA ERLEBT<\/h1>\t\t\t\t<\/div>\n\t\t\t\t<\/div>\n\t\t\t\t\t<\/div>\n\t\t\t\t<\/div>\n\t\t<div class=\"elementor-element elementor-element-d7ae4bf e-flex e-con-boxed e-con e-parent\" data-id=\"d7ae4bf\" data-element_type=\"container\" data-e-type=\"container\">\n\t\t\t\t\t<div class=\"e-con-inner\">\n\t\t<div class=\"elementor-element elementor-element-1ce17a7 e-con-full e-flex e-con e-child\" data-id=\"1ce17a7\" data-element_type=\"container\" data-e-type=\"container\">\n\t\t\t\t<\/div>\n\t\t\t\t\t<\/div>\n\t\t\t\t<\/div>\n\t\t<div class=\"elementor-element elementor-element-f4af1e8 e-flex e-con-boxed e-con e-parent\" data-id=\"f4af1e8\" data-element_type=\"container\" data-e-type=\"container\">\n\t\t\t\t\t<div class=\"e-con-inner\">\n\t\t\t\t<div class=\"elementor-element elementor-element-2478120 elementor-widget elementor-widget-text-editor\" data-id=\"2478120\" data-element_type=\"widget\" data-e-type=\"widget\" data-widget_type=\"text-editor.default\">\n\t\t\t\t<div class=\"elementor-widget-container\">\n\t\t\t\t\t\t\t\t\t<p dir=\"ltr\" style=\"text-align: center;\">Yeda kommt bald und wir k\u00f6nnen es kaum erwarten, es mit dir zu teilen.<\/p><p dir=\"ltr\" style=\"text-align: center;\">Melde dich noch heute f\u00fcr die Warteliste an und sei eine der Ersten, die echtes inneres Selbstvertrauen neu entdeckt.<\/p>\t\t\t\t\t\t\t\t<\/div>\n\t\t\t\t<\/div>\n\t\t\t\t<div class=\"elementor-element elementor-element-2c4c34c elementor-align-center elementor-widget__width-initial elementor-mobile-align-center elementor-widget elementor-widget-button\" data-id=\"2c4c34c\" data-element_type=\"widget\" data-e-type=\"widget\" data-settings=\"{&quot;_animation&quot;:&quot;none&quot;,&quot;_animation_mobile&quot;:&quot;none&quot;}\" data-widget_type=\"button.default\">\n\t\t\t\t<div class=\"elementor-widget-container\">\n\t\t\t\t\t\t\t\t\t<div class=\"elementor-button-wrapper\">\n\t\t\t\t\t<a class=\"elementor-button elementor-button-link elementor-size-md\" href=\"https:\/\/goyeda.us10.list-manage.com\/subscribe?u=074d6ba03bd2ace4b4edb543c&#038;id=c2dde0f5e1&#038;utm_source=website&#038;utm_medium=CTA&#038;utm_campaign=waitlist\" target=\"_blank\" id=\"Join the wait list\" rel=\"noopener\">\n\t\t\t\t\t\t<span class=\"elementor-button-content-wrapper\">\n\t\t\t\t\t\t\t\t\t<span class=\"elementor-button-text\">Trage dich in die Warteliste ein<\/span>\n\t\t\t\t\t<\/span>\n\t\t\t\t\t<\/a>\n\t\t\t\t<\/div>\n\t\t\t\t\t\t\t\t<\/div>\n\t\t\t\t<\/div>\n\t\t<div class=\"elementor-element elementor-element-56cd1e9 e-con-full e-flex e-con e-child\" data-id=\"56cd1e9\" data-element_type=\"container\" data-e-type=\"container\">\n\t\t\t\t<\/div>\n\t\t\t\t\t<\/div>\n\t\t\t\t<\/div>\n\t\t<div class=\"elementor-element elementor-element-b466546 e-flex e-con-boxed e-con e-parent\" data-id=\"b466546\" data-element_type=\"container\" data-e-type=\"container\">\n\t\t\t\t\t<div class=\"e-con-inner\">\n\t\t<div class=\"elementor-element elementor-element-d637b93 e-con-full e-flex e-con e-child\" data-id=\"d637b93\" data-element_type=\"container\" data-e-type=\"container\">\n\t\t\t\t<\/div>\n\t\t\t\t\t<\/div>\n\t\t\t\t<\/div>\n\t\t\t\t<\/div>","protected":false},"excerpt":{"rendered":"<p>CONFIDENCE STARTS FROM WITHIN Discover Yeda, the first bra for your pelvic floor, designed to help you feel supported, confident, and free. join the wait list A NEW KIND OF CONFIDENCE At Yeda, we believe every woman deserves to feel strong, feminine, and in control of her body, no matter the stage of life. Whether [&hellip;]<\/p>","protected":false},"author":1,"featured_media":0,"parent":0,"menu_order":0,"comment_status":"closed","ping_status":"closed","template":"","meta":{"footnotes":""},"class_list":["post-10319","page","type-page","status-publish","hentry"],"blocksy_meta":[],"_links":{"self":[{"href":"https:\/\/goyeda.de\/de\/wp-json\/wp\/v2\/pages\/10319","targetHints":{"allow":["GET"]}}],"collection":[{"href":"https:\/\/goyeda.de\/de\/wp-json\/wp\/v2\/pages"}],"about":[{"href":"https:\/\/goyeda.de\/de\/wp-json\/wp\/v2\/types\/page"}],"author":[{"embeddable":true,"href":"https:\/\/goyeda.de\/de\/wp-json\/wp\/v2\/users\/1"}],"replies":[{"embeddable":true,"href":"https:\/\/goyeda.de\/de\/wp-json\/wp\/v2\/comments?post=10319"}],"version-history":[{"count":10,"href":"https:\/\/goyeda.de\/de\/wp-json\/wp\/v2\/pages\/10319\/revisions"}],"predecessor-version":[{"id":10456,"href":"https:\/\/goyeda.de\/de\/wp-json\/wp\/v2\/pages\/10319\/revisions\/10456"}],"wp:attachment":[{"href":"https:\/\/goyeda.de\/de\/wp-json\/wp\/v2\/media?parent=10319"}],"curies":[{"name":"wp","href":"https:\/\/api.w.org\/{rel}","templated":true}]}}